{"id":1581,"date":"2025-09-22T09:58:18","date_gmt":"2025-09-22T09:58:18","guid":{"rendered":"https:\/\/ice.travelblox.eu\/?page_id=1581"},"modified":"2026-01-26T14:00:42","modified_gmt":"2026-01-26T14:00:42","slug":"prereg-iceland-trail","status":"publish","type":"page","link":"https:\/\/ice.travelblox.eu\/de\/prereg-iceland-trail\/","title":{"rendered":"Prereg Iceland Trail"},"content":{"rendered":"<div class=\"tb-header tb-block align-center background-dark pattern-none variant-none\" id=\"header\" data-fallback-background=\"https:\/\/vz-2d98b19f-729.b-cdn.net\/3cb0602f-fb6f-49eb-8f28-47ada1028da5\/thumbnail_e6a903c9.jpg\" style=\"background-image: url('https:\/\/vz-2d98b19f-729.b-cdn.net\/3cb0602f-fb6f-49eb-8f28-47ada1028da5\/thumbnail_e6a903c9.jpg'); background-position:center;\">\n    <div class=\"tb-header-foreground\">\n        <div class=\"inner-block\">\n\n            <div class=\"main-part\">\n                <div class=\"text-part\">\n                                                                                            <h1>\t<span class=\"tb-logo\"  style=\"-webkit-mask-image: url(https:\/\/ice.travelblox.eu\/wp-content\/uploads\/sites\/54\/2023\/09\/Logo-White-ICE-2-1024x1024.png); mask-image: url(https:\/\/ice.travelblox.eu\/wp-content\/uploads\/sites\/54\/2023\/09\/Logo-White-ICE-2-1024x1024.png)\">\n\t\t<img src='https:\/\/ice.travelblox.eu\/wp-content\/uploads\/sites\/54\/2023\/09\/Logo-White-ICE-2-1024x1024.png' width='1024' height='1024' alt='The Iceland Trail Logo' title='Der Iceland Trail' loading='lazy'>\n\t<\/span>\n<\/h1>\n                                                                                        <h2 class=\"tb-subtitle\">\t\t<div class=\"translation-block\"><p>Entdecke das atemberaubende Island w\u00e4hrend einer mehrt\u00e4gigen Wanderung \u00fcber den Laugavegur<\/p><\/div>\n\t<\/h2>\n                                                                                                                                <div class=\"tb-buttons-part\">\n                                                            \t\t<a href=\"https:\/\/travelbase.typeform.com\/ICE26DEPrereg\"  target=\"_blank\" data-mode=\"popup\" data-url=\"https:\/\/travelbase.typeform.com\/ICE26NLPrereg\" class=\"tb-button typeform-share\">\n\t\t\tUnverbindlich f\u00fcr 2026 vorregistrieren\t\t<\/a>\n\t\t\t\t\t<script>\n\t\t\t\t(function() {\n\t\t\t\t\tvar qs, js, q, s, d = document,\n\t\t\t\t\t\tgi = d.getElementById,\n\t\t\t\t\t\tce = d.createElement,\n\t\t\t\t\t\tgt = d.getElementsByTagName,\n\t\t\t\t\t\tid = \"typef_orm_share\",\n\t\t\t\t\t\tb = \"https:\/\/embed.typeform.com\/\";\n\t\t\t\t\tif (!gi.call(d, id)) {\n\t\t\t\t\t\tjs = ce.call(d, \"script\");\n\t\t\t\t\t\tjs.id = id;\n\t\t\t\t\t\tjs.src = b + \"embed.js\";\n\t\t\t\t\t\tq = gt.call(d, \"script\")[0];\n\t\t\t\t\t\tq.parentNode.insertBefore(js, q);\n\t\t\t\t\t}\n\t\t\t\t})();\n\t\t\t<\/script>\n\t\t                                                                                        \t\t<a href=\"https:\/\/theicelandtrail.com\/\"  target=\"\" class=\"tb-buttonlink\">\n\t\t\tMehr Infos zum Iceland Trail\t\t<\/a>\n\t\t                                                    <\/div>\n                                                        <\/div>\n            <\/div>\n            \n                    <\/div>\n    <\/div>\n\n                        <div class=\"tb-header-background tb-header-background--has-iframe\">\n                        <iframe src=\"https:\/\/iframe.mediadelivery.net\/embed\/306445\/3cb0602f-fb6f-49eb-8f28-47ada1028da5?autoplay=true&#038;preload=true&#038;loop=true&#038;responsive=true&#038;muted=true\" allow=\"accelerometer;gyroscope;encrypted-media;picture-in-picture;autoplay;muted;\" allowfullscreen=\"true\" style=\"border: none;\" loading=\"lazy\"><\/iframe>                    <\/div>\n    \n    \n<\/div>\n\n\n<div class=\"tb-intro tb-block align-none background-middle pattern-none variant-none tb-collapsible-margins\" id=\"intro\">\n    <div class=\"inner-block tb-fade-in tb-fade-in--subtle\">\n\n        \n\n        <div class=\"text-part content-part\">\n            <div class=\"title-meta-inclusive\">\n                <div class=\"title-and-meta\">\n                                            <div class=\"title-part\">\n                                                            <h3>Lust auf eine abenteuerliche Wanderung durch Island?<\/h3>\n                                                                                <\/div>\n                                        <ul class=\"meta-data\">\n                                                    <li>\n                                <i class=\"fa fa-regular fa-tag\"><\/i>\n                                <span>Laugavegur-Trail<\/span>\n                            <\/li>\n                                                                            <li>\n                                <i class=\"fa fa-regular fa-calendar\"><\/i>\n                                <span><p>Juli \u2013 August 2026<\/p>\n<\/span>\n                            <\/li>\n                                            <\/ul>\n                <\/div>\n                                    <div class=\"inclusive inclusive--has-overflow\">\n                                                    <h6>Highlights<\/h6>\n                                                <ul class=\"\">\n                                                            <li class=\"visible\">\n                                                                            \t\t\t\t<i class=\"icon fa-solid fa-star\" aria-hidden=\"true\"><\/i>\n\t\t\t                                                                                                                <span>80 Kilometer durch Islands spektakul\u00e4rste Landschaften<\/span>\n                                                                    <\/li>\n                                                            <li class=\"visible\">\n                                                                            \t\t\t\t<i class=\"icon fa-solid fa-person-hiking\" aria-hidden=\"true\"><\/i>\n\t\t\t                                                                                                                <span>Wandere durch die isl\u00e4ndischen Highlands \u2013 Vulkane, hei\u00dfe Quellen und dampfende Geysire<\/span>\n                                                                    <\/li>\n                                                            <li class=\"visible\">\n                                                                            \t\t\t\t<i class=\"icon fa-solid fa-campground\" aria-hidden=\"true\"><\/i>\n\t\t\t                                                                                                                <span>\u00dcbernachte mitten in Islands Wildnis im Zelt<\/span>\n                                                                    <\/li>\n                                                            <li class=\"visible\">\n                                                                            \t\t\t\t<i class=\"icon fa-solid fa-sparkles\" aria-hidden=\"true\"><\/i>\n\t\t\t                                                                                                                <span>Entspanne abends in nat\u00fcrlichen hei\u00dfen Quellen<\/span>\n                                                                    <\/li>\n                                                            <li class=\"visible\">\n                                                                            \t\t\t\t<i class=\"icon fa-solid fa-sign-post\" aria-hidden=\"true\"><\/i>\n\t\t\t                                                                                                                <span>Wandere sorgenfrei mit unseren Guides und App<\/span>\n                                                                    <\/li>\n                                                            <li class=\"hidden inclusive__overflow-item\">\n                                                                            \t\t\t\t<i class=\"icon fa-solid fa-building\" aria-hidden=\"true\"><\/i>\n\t\t\t                                                                                                                <span>Beende deine Reise in der pulsierenden Hauptstadt Reykjav\u00edk<\/span>\n                                                                    <\/li>\n                                                    <\/ul>\n                                                    <div class=\"inclusive__overflow-container\">\n                                                                                                                                                                                                                                                                                                                                                                                                                                                                <div class=\"inclusive__overflow-item\">\n                                                                                            \t\t\t\t<i class=\"icon fa-solid fa-building\" aria-hidden=\"true\"><\/i>\n\t\t\t                                                                                                                                        <span>Beende deine Reise in der pulsierenden Hauptstadt Reykjav\u00edk<\/span>\n                                                                                    <\/div>\n                                                                                                <\/div>\n                            <span class=\"show-more-inclusive\">Mehr anzeigen (1)<\/span>\n                            <span class=\"show-less-inclusive hidden\">Weniger anzeigen<\/span>\n                                            <\/div>\n                            <\/div>\n\n                            <div class=\"tb-buttons desktop-only\">\n                                            <a href=\"https:\/\/travelbase.typeform.com\/ICE26DEPrereg\" class=\"tb-button\">\n                                                            F\u00fcr Sommer 2026 vorregistrieren                                                    <\/a>\n                                                                <a href=\"https:\/\/theicelandtrail.com\/\" class=\"tb-buttonlink\">\n                                                            Entdecke den Iceland Trail \u2192                                                    <\/a>\n                                    <\/div>\n                    <\/div>\n                                    <div class=\"image-part\">\n                    \t\t\t\t<div class=\"inner-block-full-width has-tb-carousel tb-carousel-slider\" >\n\t\t\t<div class=\"tb-carousel-container\">\n\t\t\t\t<div class=\"entries tb-cards\" data-slider-first=\"0\">\n\t\t\t\t\t\t\t\t\t<div class=\"entry\">\n\t\t\t\t<div class=\"tb-image-part\">\n\t\t\t\t\t<figure>\n\t\t\t\t\t\t<img src='https:\/\/ice.travelblox.eu\/wp-content\/uploads\/sites\/54\/2025\/02\/Copie-de-RoyM-IT2021-P8040845-Med-Ress-768x1024.jpg' width='768' height='1024' alt='Wandern in Island auf dem Laugavegur Trail' loading='lazy' image_size='medium_large'>\t\t\t\t\t\t\t\t\t\t\t\t\t\t\t\t\t\t\t\t\t\t\t\t\t\t\t\t\t\t\t<\/figure>\n\t\t\t\t<\/div>\n\t\t\t<\/div>\n\t\t\t\t\t<div class=\"entry\">\n\t\t\t\t<div class=\"tb-image-part\">\n\t\t\t\t\t<figure>\n\t\t\t\t\t\t<img src='https:\/\/ice.travelblox.eu\/wp-content\/uploads\/sites\/54\/2025\/01\/ICE22_EvyVanNispen_LR-208-768x512.jpg' width='768' height='512' alt='Wandern in Island \u00fcber den Laugavegur-Trail' loading='lazy' image_size='medium_large'>\t\t\t\t\t\t\t\t\t\t\t\t\t\t\t\t\t\t\t\t\t\t\t\t\t\t\t\t\t\t\t<\/figure>\n\t\t\t\t<\/div>\n\t\t\t<\/div>\n\t\t\t\t\t<div class=\"entry\">\n\t\t\t\t<div class=\"tb-image-part\">\n\t\t\t\t\t<figure>\n\t\t\t\t\t\t<img src='https:\/\/ice.travelblox.eu\/wp-content\/uploads\/sites\/54\/2024\/10\/ICELAND-TRAIL-24-PARTICIPANTS_JortStengs_LR-231_resized-768x512.jpg' width='768' height='512' alt='Wandern in Island auf dem Laugavegur-Trail' loading='lazy' image_size='medium_large'>\t\t\t\t\t\t\t\t\t\t\t\t\t\t\t\t\t\t\t\t\t\t\t\t\t\t\t\t\t\t\t<\/figure>\n\t\t\t\t<\/div>\n\t\t\t<\/div>\n\t\t\t\t\t<div class=\"entry\">\n\t\t\t\t<div class=\"tb-image-part\">\n\t\t\t\t\t<figure>\n\t\t\t\t\t\t<img src='https:\/\/ice.travelblox.eu\/wp-content\/uploads\/sites\/54\/2024\/10\/RoyM-IT2021-P8052193-768x576.jpg' width='768' height='576' alt='Wandern in Island \u00fcber den Laugavegur-Trail' loading='lazy' image_size='medium_large'>\t\t\t\t\t\t\t\t\t\t\t\t\t\t\t\t\t\t\t\t\t\t\t\t\t\t\t\t\t\t\t<\/figure>\n\t\t\t\t<\/div>\n\t\t\t<\/div>\n\t\t\t\t\t\t\t\t<\/div>\n\t\t\t\t\t\t<div class=\"tb-carousel-nav\">\n\t\t\t<div class=\"dots\">\n\t\t\t\t<div class=\"dot active\"><\/div>\n\t\t\t\t<div class=\"dot\"><\/div>\n\t\t\t\t<div class=\"dot\"><\/div>\n\t\t\t<\/div>\n\t\t\t<div class=\"arrows\">\n\t\t\t\t<div class=\"prev disabled\">\n\t\t\t\t\t<span><i class=\"fa fa-chevron-left\"><\/i><\/span>\n\t\t\t\t<\/div>\n\t\t\t\t<div class=\"next\">\n\t\t\t\t\t<span><i class=\"fa fa-chevron-right\"><\/i><\/span>\n\t\t\t\t<\/div>\n\t\t\t<\/div>\n\t\t<\/div>\n\t\t\t\t<\/div>\n\t\t<\/div>\n\t\t                <\/div>\n                                        <div class=\"tb-buttons mobile-only\">\n                                    <a href=\"https:\/\/travelbase.typeform.com\/ICE26DEPrereg\" class=\"tb-button\">\n                                                    F\u00fcr Sommer 2026 vorregistrieren                                            <\/a>\n                                                    <a href=\"https:\/\/theicelandtrail.com\/\" class=\"tb-buttonlink\">\n                                                    Entdecke den Iceland Trail \u2192                                            <\/a>\n                            <\/div>\n            <\/div>\n<\/div>\n\n\n<div class=\"tb-textimage1 tb-block align-center background-light pattern-none variant-none tb-collapsible-margins\" id=\"textimage1\">\n\t<div class=\"inner-block tb-fade-in tb-fade-in--subtle\">\n\n\t\t\n\t\t<div class=\"text-part\">\n\t\t\t<h2>Warum du dich heute voranmelden solltest!<\/h2>\n\t\t\t\t\t<div class=\"translation-block\"><p>Mit deiner Vorregistrierung sicherst du dir exklusive Vorteile:<\/p><ul><li><strong>Sei die*der Erste<\/strong>, der von unserem neuen Wanderangebot 2026 erf\u00e4hrt<\/li><li><strong>Fr\u00fchzugang sichern:<\/strong> Buche 24 Stunden vor allen anderen, ab dem 12.11. um 16:00 Uhr<\/li><li><strong>Fr\u00fchbucherpreis:<\/strong> Jetzt zuschlagen und sparen<\/li><li><strong>Superflex-Versicherung:<\/strong> Kostenlos inklusive<\/li><\/ul><\/div>\n\t\t\t<\/div>\n\t<\/div>\n\t<div class=\"inner-block\">\n\t\t\t\t\t\t\t\t<\/div>\n\t<div class=\"inner-block tb-fade-in tb-fade-in--subtle\">\n\t\t<div class=\"text-part\">\n\t\t\t\t\t<div class=\"translation-block\"><\/div>\n\t\t\t\t<div class=\"tb-buttons-part\">\n\t\t\t\t\t\t\t\t\t\t\t<\/div>\n\t\t<\/div>\n\t<\/div>\n<\/div>\n\n\n\n\n\n\n<div class=\"tb-typeform tb-block align-none background-light pattern-none variant-none tb-collapsible-margins\" id=\"customhtml-2\">\n\t\t\t\t<div class=\"tb-typeform__container\" data-tf-on-question-changed=\"handleQuestionChangeEmbedTypeform\" data-tf-auto-resize=\"true\" data-tf-disable-scroll=\"true\" data-tf-live=\"01K5VKYR31ND9K59VQ9FZPRZ9C\" ><\/div>\n\t\n\t<\/div>\n\n\n\n\n<div class=\"tb-colcompare tb-block align-center background-light pattern-none variant-cards tb-collapsible-margins\" id=\"colcompare\">\n\t<div class=\"inner-block tb-fade-in tb-fade-in--subtle\">\n\t\t<div class=\"text-part\">\n\t\t\t<h2>Warum den Iceland Trail w\u00e4hlen?<\/h2>\n\t\t\t\t\t<div class=\"translation-block\"><\/div>\n\t\t\t<\/div>\n\t<\/div>\n\t\t\t\t\t<div class=\"inner-block-full-width has-tb-carousel tb-justified\" >\n\t\t\t<div class=\"tb-carousel-container\">\n\t\t\t\t<div class=\"entries tb-cards\" data-slider-first=\"1\">\n\t\t\t\t\t\t\t\t\t<div class=\"tb-card entry tb-fade-in tb-fade-in--subtle\">\n\t\t\t\t<div class=\"tb-image-part\">\n\t\t\t\t\t<img src='https:\/\/ice.travelblox.eu\/wp-content\/uploads\/sites\/54\/2024\/03\/ICE22_EvyVanNispen_LR-17-768x512.jpg' width='768' height='512' alt='Wandern in Island auf dem Laugavegur-Trail' loading='lazy' image_size='medium_large'>\t\t\t\t<\/div>\n\t\t\t\t<div class=\"tb-card-content text-part\">\n\t\t\t\t\t<h5> 100% Abenteuer<\/h5>\n\t\t\t\t\t\t\t<div class=\"translation-block\"><p>Island wie du es noch nie erlebt hast! Auf dem <strong>Iceland Trail<\/strong> durchquerst du atemberaubende Landschaften: brodelnde Schwefelquellen, rauchende Geysire, schwarze Lavafl\u00fcsse und endlose Weiten voller unber\u00fchrter Natur.<\/p><\/div>\n\t\t\t\t\t\t<div class=\"tb-buttons-part\">\n\t\t\t\t\t\t\t\t\t\t\t<\/div>\n\t\t\t\t<\/div>\n\t\t\t<\/div>\n\t\t\t\t\t<div class=\"tb-card entry tb-fade-in tb-fade-in--subtle\">\n\t\t\t\t<div class=\"tb-image-part\">\n\t\t\t\t\t<img src='https:\/\/ice.travelblox.eu\/wp-content\/uploads\/sites\/54\/2025\/01\/ICELAND-TRAIL-24-LANDSCAPE_JortStengs_LR-38-Medium.jpeg' width='640' height='427' alt='Wandern in Island auf dem Laugavegur Trail' loading='lazy' image_size='medium_large'>\t\t\t\t<\/div>\n\t\t\t\t<div class=\"tb-card-content text-part\">\n\t\t\t\t\t<h5> Bezahlbar<\/h5>\n\t\t\t\t\t\t\t<div class=\"translation-block\"><p>Unser Ziel: <strong>maximales Erlebnis zu einem fairen Preis<\/strong>. Wir entwickeln unsere Reisen selbst und f\u00fchren dich auf abgelegene Routen abseits der Touristenpfade. So entdeckst du Island authentisch und unvergesslich.<\/p><\/div>\n\t\t\t\t\t\t<div class=\"tb-buttons-part\">\n\t\t\t\t\t\t\t\t\t\t\t<\/div>\n\t\t\t\t<\/div>\n\t\t\t<\/div>\n\t\t\t\t\t<div class=\"tb-card entry tb-fade-in tb-fade-in--subtle\">\n\t\t\t\t<div class=\"tb-image-part\">\n\t\t\t\t\t<img src='https:\/\/ice.travelblox.eu\/wp-content\/uploads\/sites\/54\/2025\/02\/Copie-de-IcelandTrail2019-Sil-Vanderbruggen-0021-768x512.jpg' width='768' height='512' alt='Wandern in Island auf dem Laugavegur Trail' loading='lazy' image_size='medium_large'>\t\t\t\t<\/div>\n\t\t\t\t<div class=\"tb-card-content text-part\">\n\t\t\t\t\t<h5> Gut organisiert, mit Guides erleben<\/h5>\n\t\t\t\t\t\t\t<div class=\"translation-block\"><p><strong>Alle praktischen Aspekte sind geregelt<\/strong> \u2013 von der Touren, zu internen Transfers und Zeltpl\u00e4tze. So kannst du dein Abenteuer in vollen Z\u00fcgen genie\u00dfen. Unsere Reisenden bewerten uns im Durchschnitt mit <strong>4,8\/5<\/strong>.<\/p><\/div>\n\t\t\t\t\t\t<div class=\"tb-buttons-part\">\n\t\t\t\t\t\t\t\t\t\t\t<\/div>\n\t\t\t\t<\/div>\n\t\t\t<\/div>\n\t\t\t\t\t<div class=\"tb-card entry tb-fade-in tb-fade-in--subtle\">\n\t\t\t\t<div class=\"tb-image-part\">\n\t\t\t\t\t<img src='https:\/\/ice.travelblox.eu\/wp-content\/uploads\/sites\/54\/2025\/02\/Copie-de-RoyM-IT2021-P8051606-Med-Ress-768x576.jpg' width='768' height='576' alt='Wandern in Island auf dem Laugavegur Trail' loading='lazy' image_size='medium_large'>\t\t\t\t<\/div>\n\t\t\t\t<div class=\"tb-card-content text-part\">\n\t\t\t\t\t<h5> Nachhaltig und bewusst reisen<\/h5>\n\t\t\t\t\t\t\t<div class=\"translation-block\"><p>Wir unterst\u00fctzen <strong>lokale Projekte<\/strong>, arbeiten eng mit Gemeinden zusammen und reduzieren die CO\u2082-Emissionen unserer Reisen. So wird deine <strong>Wanderreise in Island<\/strong> zu einem Abenteuer mit <strong>positiver Wirkung<\/strong>.<\/p><\/div>\n\t\t\t\t\t\t<div class=\"tb-buttons-part\">\n\t\t\t\t\t\t\t\t\t\t\t<\/div>\n\t\t\t\t<\/div>\n\t\t\t<\/div>\n\t\t\t\t\t\t\t\t<\/div>\n\t\t\t\t\t\t<div class=\"tb-carousel-nav\">\n\t\t\t<div class=\"dots\">\n\t\t\t\t<div class=\"dot active\"><\/div>\n\t\t\t\t<div class=\"dot\"><\/div>\n\t\t\t\t<div class=\"dot\"><\/div>\n\t\t\t<\/div>\n\t\t\t<div class=\"arrows\">\n\t\t\t\t<div class=\"prev disabled\">\n\t\t\t\t\t<span><i class=\"fa fa-chevron-left\"><\/i><\/span>\n\t\t\t\t<\/div>\n\t\t\t\t<div class=\"next\">\n\t\t\t\t\t<span><i class=\"fa fa-chevron-right\"><\/i><\/span>\n\t\t\t\t<\/div>\n\t\t\t<\/div>\n\t\t<\/div>\n\t\t\t\t<\/div>\n\t\t<\/div>\n\t\t\t\t\t<div class=\"inner-block\">\n\t\t\t<div class=\"text-part\">\n\t\t\t\t\t\t<div class=\"translation-block\"><\/div>\n\t\t\t\t\t<div class=\"tb-buttons-part\">\n\t\t\t\t\t\t\t<a href=\"https:\/\/travelbase.typeform.com\/ICE26DEPrereg\"  target=\"_blank\" data-mode=\"popup\" data-url=\"https:\/\/travelbase.typeform.com\/ICE26NLPrereg\" class=\"tb-button typeform-share\">\n\t\t\tF\u00fcr Sommer 2026 vorregistrieren\t\t<\/a>\n\t\t\t\t\t<script>\n\t\t\t\t(function() {\n\t\t\t\t\tvar qs, js, q, s, d = document,\n\t\t\t\t\t\tgi = d.getElementById,\n\t\t\t\t\t\tce = d.createElement,\n\t\t\t\t\t\tgt = d.getElementsByTagName,\n\t\t\t\t\t\tid = \"typef_orm_share\",\n\t\t\t\t\t\tb = \"https:\/\/embed.typeform.com\/\";\n\t\t\t\t\tif (!gi.call(d, id)) {\n\t\t\t\t\t\tjs = ce.call(d, \"script\");\n\t\t\t\t\t\tjs.id = id;\n\t\t\t\t\t\tjs.src = b + \"embed.js\";\n\t\t\t\t\t\tq = gt.call(d, \"script\")[0];\n\t\t\t\t\t\tq.parentNode.insertBefore(js, q);\n\t\t\t\t\t}\n\t\t\t\t})();\n\t\t\t<\/script>\n\t\t\t\t\t\t<\/div>\n\t\t\t<\/div>\n\t\t<\/div>\n\t<\/div>","protected":false},"excerpt":{"rendered":"","protected":false},"author":41,"featured_media":1263,"parent":0,"menu_order":0,"comment_status":"closed","ping_status":"closed","template":"","meta":{"_acf_changed":false,"inline_featured_image":false,"footnotes":""},"class_list":["post-1581","page","type-page","status-publish","has-post-thumbnail","hentry"],"acf":{"page_package_ids":"","is_main_package_page":false,"additional_linked_packages":[],"feed_page_to_atlas":false},"_links":{"self":[{"href":"https:\/\/ice.travelblox.eu\/de\/wp-json\/wp\/v2\/pages\/1581","targetHints":{"allow":["GET"]}}],"collection":[{"href":"https:\/\/ice.travelblox.eu\/de\/wp-json\/wp\/v2\/pages"}],"about":[{"href":"https:\/\/ice.travelblox.eu\/de\/wp-json\/wp\/v2\/types\/page"}],"author":[{"embeddable":true,"href":"https:\/\/ice.travelblox.eu\/de\/wp-json\/wp\/v2\/users\/41"}],"replies":[{"embeddable":true,"href":"https:\/\/ice.travelblox.eu\/de\/wp-json\/wp\/v2\/comments?post=1581"}],"version-history":[{"count":22,"href":"https:\/\/ice.travelblox.eu\/de\/wp-json\/wp\/v2\/pages\/1581\/revisions"}],"predecessor-version":[{"id":1986,"href":"https:\/\/ice.travelblox.eu\/de\/wp-json\/wp\/v2\/pages\/1581\/revisions\/1986"}],"wp:featuredmedia":[{"embeddable":true,"href":"https:\/\/ice.travelblox.eu\/de\/wp-json\/wp\/v2\/media\/1263"}],"wp:attachment":[{"href":"https:\/\/ice.travelblox.eu\/de\/wp-json\/wp\/v2\/media?parent=1581"}],"curies":[{"name":"wp","href":"https:\/\/api.w.org\/{rel}","templated":true}]}}