{"id":1278,"date":"2025-02-27T09:28:42","date_gmt":"2025-02-27T09:28:42","guid":{"rendered":"https:\/\/ice.travelblox.eu\/?page_id=1278"},"modified":"2026-01-08T12:48:13","modified_gmt":"2026-01-08T12:48:13","slug":"laugavegur-trekking","status":"publish","type":"page","link":"https:\/\/ice.travelblox.eu\/de\/laugavegur-trekking\/","title":{"rendered":"Laugavegur Trekking"},"content":{"rendered":"<div class=\"tb-header tb-block align-center background-dark pattern-none variant-none\" id=\"header\" data-fallback-background=\"https:\/\/ice.travelblox.eu\/wp-content\/uploads\/sites\/54\/2025\/02\/Copie-de-RoyM-IT2021-P8040845-Med-Ress.jpg\" style=\"background-image: url('https:\/\/ice.travelblox.eu\/wp-content\/uploads\/sites\/54\/2025\/02\/Copie-de-RoyM-IT2021-P8040845-Med-Ress.jpg'); background-position:;\">\n    <div class=\"tb-header-foreground\">\n        <div class=\"inner-block\">\n\n            <div class=\"main-part\">\n                <div class=\"text-part\">\n                                                                <h1 class=\"tb-title\">Bereit f\u00fcr die Laugavegur-Wanderung?<\/h1>\n                                                                                                                                                                <\/div>\n            <\/div>\n            \n                    <\/div>\n    <\/div>\n\n    \n    \n<\/div>\n\n\n<div class=\"tb-leadtext tb-block align-center background-light pattern-none variant-none tb-collapsible-margins\" id=\"leadtext\">\n\t<div class=\"inner-block tb-fade-in tb-fade-in--subtle\">\n\t\t<div class=\"text-part\">\n\t\t\t\t\t<div class=\"translation-block\"><p>Erlebe das ultimative Wanderabenteuer in Island mit unserer gef\u00fchrten Laugavegur-Trekkingtour. Entdecke faszinierende Vulkanlandschaften, entspanne in hei\u00dfen Quellen und durchwandere die einzigartige Natur Islands in 5 unvergesslichen Tagen. Buche jetzt dein Abenteuer auf dem legend\u00e4ren Laugavegur-Trail!<\/p><\/div>\n\t\t\t<\/div>\n\t<\/div>\n<\/div>\n\n\n\n<div class=\"tb-textimage2 tb-block align-left background-light pattern-none variant-text_first tb-collapsible-margins\" id=\"textimage2\">\n\t<div class=\"inner-block tb-fade-in\">\n\n\t\t\n\t\t<div class=\"tb-columns\">\n\t\t\t<div class=\"tb-column\">\n\t\t\t\t<div class=\"tb-text-part\">\n\t\t\t\t\t<h2>Was ist die Laugavegur-Wanderung?<\/h2>\n\t\t\t\t\t\t\t<div class=\"translation-block\"><p>Die Laugavegur-Wanderung ist eine legend\u00e4re Route in Island, die f\u00fcr ihre atemberaubenden Landschaften und einzigartigen Naturph\u00e4nomene bekannt ist. Diese 55 Kilometer lange Tour f\u00fchrt dich vorbei an bunten Rhyolithbergen, dampfenden hei\u00dfen Quellen, schwarzen Lavafeldern und gr\u00fcnen T\u00e4lern. Kein Wunder, dass der Laugavegur-Trail oft als einer der sch\u00f6nsten Wanderwege der Welt bezeichnet wird. Mit unserer organisierten Reise musst du dir um nichts Sorgen machen; du kannst einfach die pure Magie Islands genie\u00dfen.<\/p><\/div>\n\t\t\t\t\t\t\t\t\t\t\t<div class=\"tb-buttons-part\">\n\t\t\t\t\t\t\t\t\t\t\t\t\t\t\t\t\t<\/div>\n\t\t\t\t<\/div>\n\t\t\t<\/div>\n\t\t\t<div class=\"tb-column\">\n\t\t\t\t\t\t\t\t\t\t\t\t\t\t\t<div class=\"tb-image-part\">\n\t\t\t\t\t\t\t<img src='https:\/\/ice.travelblox.eu\/wp-content\/uploads\/sites\/54\/2025\/01\/ICE22_EvyVanNispen_LR-107-768x512.jpg' width='768' height='512' alt='Wandern in Island \u00fcber den Laugavegur-Trail' loading='lazy' image_size='medium_large'>\t\t\t\t\t\t<\/div>\n\t\t\t\t\t\t\t\t\t\t\t\t<\/div>\n\t\t<\/div>\n\t<\/div>\n<\/div>\n\n\n<div class=\"tb-textimage1 tb-block align-center background-dark pattern-none variant-none tb-collapsible-margins\" id=\"textimage1\">\n\t<div class=\"inner-block tb-fade-in tb-fade-in--subtle\">\n\n\t\t\n\t\t<div class=\"text-part\">\n\t\t\t<h2>Konzept der Laugavegur-Wanderung\u00a0<\/h2>\n\t\t\t\t\t<div class=\"translation-block\"><p>Die Route der Laugavegur-Wanderung beginnt in Landmannalaugar, einem Gebiet, das f\u00fcr seine bunten Rhyolithberge und nat\u00fcrlichen Thermalquellen bekannt ist. Hier kannst du nach der ersten Wanderetappe in einer warmen Quelle entspannen. Von dort aus f\u00fchrt dich der Weg durch faszinierende schwarze Lavafelder und \u00fcber steile Bergp\u00e4sse. Unterwegs passierst du Hrafntinnusker, einen der h\u00f6chsten Punkte des Trails, und die gr\u00fcnen T\u00e4ler von Alftavatn. Schlie\u00dflich erreichst du Thorsmork, ein malerisches Gebiet, das von Gletschern und Fl\u00fcssen umgeben ist. Unser erfahrenes Guide-Team sorgt daf\u00fcr, dass alles reibungslos verl\u00e4uft, damit du nur die wundersch\u00f6nen Panoramen und beeindruckenden Naturph\u00e4nomene des Laugavegur-Trails genie\u00dfen kannst.<\/p><\/div>\n\t\t\t<\/div>\n\t<\/div>\n\t<div class=\"inner-block\">\n\t\t\t\t\t\t\t\t<\/div>\n\t<div class=\"inner-block tb-fade-in tb-fade-in--subtle\">\n\t\t<div class=\"text-part\">\n\t\t\t\t\t<div class=\"translation-block\"><\/div>\n\t\t\t\t<div class=\"tb-buttons-part\">\n\t\t\t\t\t\t\t\t\t\t\t<\/div>\n\t\t<\/div>\n\t<\/div>\n<\/div>\n\n\n<div class=\"tb-textimage2 tb-block align-left background-light pattern-none variant-image_first tb-collapsible-margins\" id=\"textimage2-1\">\n\t<div class=\"inner-block tb-fade-in\">\n\n\t\t\n\t\t<div class=\"tb-columns\">\n\t\t\t<div class=\"tb-column\">\n\t\t\t\t<div class=\"tb-text-part\">\n\t\t\t\t\t<h2>Programm der Laugavegur-Wanderung<\/h2>\n\t\t\t\t\t\t\t<div class=\"translation-block\"><p>Da die Planung einer Trekkingtour in Island nicht einfach ist, haben wir ein komplettes Wochenprogramm erstellt. Der Zeitplan ist gut ausgewogen, mit t\u00e4glichen Etappen, die weder zu lang noch zu kurz sind, damit du die isl\u00e4ndische Natur optimal genie\u00dfen kannst. F\u00fcnf Tage lang wanderst du von Schutzh\u00fctte zu Schutzh\u00fctte, wo komfortable Einrichtungen vorhanden sind. Unsere erfahrenen Guides ber\u00fccksichtigen stets die Wetterbedingungen und passen das Programm bei Bedarf an, um deine Sicherheit zu gew\u00e4hrleisten. So kannst du dich ganz auf das Laugavegur-Erlebnis konzentrieren.<\/p><\/div>\n\t\t\t\t\t\t\t\t\t\t\t<div class=\"tb-buttons-part\">\n\t\t\t\t\t\t\t\t\t\t\t\t\t\t\t\t\t<\/div>\n\t\t\t\t<\/div>\n\t\t\t<\/div>\n\t\t\t<div class=\"tb-column\">\n\t\t\t\t\t\t\t\t\t\t\t\t\t\t\t<div class=\"tb-image-part\">\n\t\t\t\t\t\t\t<img src='https:\/\/ice.travelblox.eu\/wp-content\/uploads\/sites\/54\/2025\/01\/ICELAND-TRAIL-24-PARTICIPANTS_JortStengs_LR-291-Medium.png' width='640' height='427' alt='Wandern in Island \u00fcber den Laugavegur-Trail' loading='lazy' image_size='medium_large'>\t\t\t\t\t\t<\/div>\n\t\t\t\t\t\t\t\t\t\t\t\t<\/div>\n\t\t<\/div>\n\t<\/div>\n<\/div>\n\n\n<div class=\"tb-textimage1 tb-block align-center background-light pattern-none variant-none tb-collapsible-margins\" id=\"textimage1-1\">\n\t<div class=\"inner-block tb-fade-in tb-fade-in--subtle\">\n\n\t\t\n\t\t<div class=\"text-part\">\n\t\t\t<h2>Route des Laugavegur-Trekkings<\/h2>\n\t\t\t\t\t<div class=\"translation-block\"><p>Die Route der Laugavegur-Wanderung beginnt in Landmannalaugar, einem Gebiet, das f\u00fcr seine bunten Rhyolithberge und nat\u00fcrlichen Thermalquellen bekannt ist. Hier kannst du nach der ersten Wanderetappe in einer warmen Quelle entspannen. Von dort aus f\u00fchrt dich der Weg durch faszinierende schwarze Lavafelder und \u00fcber steile Bergp\u00e4sse. Unterwegs passierst du Hrafntinnusker, einen der h\u00f6chsten Punkte des Trails, und die gr\u00fcnen T\u00e4ler von Alftavatn. Schlie\u00dflich erreichst du Thorsmork, ein malerisches Gebiet, das von Gletschern und Fl\u00fcssen umgeben ist. Unser erfahrenes Guide-Team sorgt daf\u00fcr, dass alles reibungslos verl\u00e4uft, damit du nur die wundersch\u00f6nen Panoramen und beeindruckenden Naturph\u00e4nomene des Laugavegur-Trails genie\u00dfen kannst.<\/p><\/div>\n\t\t\t<\/div>\n\t<\/div>\n\t<div class=\"inner-block\">\n\t\t\t\t\t\t\t\t\t<div class=\"tb-image-part\">\n\t\t\t\t\t<img src='https:\/\/ice.travelblox.eu\/wp-content\/uploads\/sites\/54\/2025\/02\/ICE-TravelbloxDE.svg' width='1' height='1' alt='map iceland transparant' class='no-cut-off' style='object-position:50% 50%' loading='lazy' image_size='1536x1536'>\t\t\t\t<\/div>\n\t\t\t\t\t\t<\/div>\n\t<div class=\"inner-block tb-fade-in tb-fade-in--subtle\">\n\t\t<div class=\"text-part\">\n\t\t\t\t\t<div class=\"translation-block\"><p>Bist du bereit, die Herausforderung anzunehmen und die Sch\u00f6nheit des legend\u00e4ren Laugavegur-Trails zu entdecken? Buche jetzt deinen Platz f\u00fcr die Laugavegur-Trekkingtour und schaffe Erinnerungen, die ein Leben lang halten.<\/p><\/div>\n\t\t\t\t<div class=\"tb-buttons-part\">\n\t\t\t\t\t\t\t\t\t\t\t<\/div>\n\t\t<\/div>\n\t<\/div>\n<\/div>","protected":false},"excerpt":{"rendered":"","protected":false},"author":54,"featured_media":1467,"parent":0,"menu_order":0,"comment_status":"closed","ping_status":"closed","template":"","meta":{"_acf_changed":false,"inline_featured_image":false,"footnotes":""},"class_list":["post-1278","page","type-page","status-publish","has-post-thumbnail","hentry"],"acf":{"page_package_ids":"","is_main_package_page":false,"additional_linked_packages":[],"feed_page_to_atlas":false},"_links":{"self":[{"href":"https:\/\/ice.travelblox.eu\/de\/wp-json\/wp\/v2\/pages\/1278","targetHints":{"allow":["GET"]}}],"collection":[{"href":"https:\/\/ice.travelblox.eu\/de\/wp-json\/wp\/v2\/pages"}],"about":[{"href":"https:\/\/ice.travelblox.eu\/de\/wp-json\/wp\/v2\/types\/page"}],"author":[{"embeddable":true,"href":"https:\/\/ice.travelblox.eu\/de\/wp-json\/wp\/v2\/users\/54"}],"replies":[{"embeddable":true,"href":"https:\/\/ice.travelblox.eu\/de\/wp-json\/wp\/v2\/comments?post=1278"}],"version-history":[{"count":7,"href":"https:\/\/ice.travelblox.eu\/de\/wp-json\/wp\/v2\/pages\/1278\/revisions"}],"predecessor-version":[{"id":1959,"href":"https:\/\/ice.travelblox.eu\/de\/wp-json\/wp\/v2\/pages\/1278\/revisions\/1959"}],"wp:featuredmedia":[{"embeddable":true,"href":"https:\/\/ice.travelblox.eu\/de\/wp-json\/wp\/v2\/media\/1467"}],"wp:attachment":[{"href":"https:\/\/ice.travelblox.eu\/de\/wp-json\/wp\/v2\/media?parent=1278"}],"curies":[{"name":"wp","href":"https:\/\/api.w.org\/{rel}","templated":true}]}}